{"id":14,"date":"2020-12-12T22:03:07","date_gmt":"2020-12-12T22:03:07","guid":{"rendered":"https:\/\/estarenbuenaforma.com\/?page_id=14"},"modified":"2023-11-07T10:33:15","modified_gmt":"2023-11-07T15:33:15","slug":"contacto","status":"publish","type":"page","link":"https:\/\/estarenbuenaforma.com\/es\/contacto\/","title":{"rendered":"Cont\u00e1ctenos"},"content":{"rendered":"\n<p>Gracias por visitarnos.<\/p>\n\n\n\n<p>Cont\u00e1ctenos por correo electr\u00f3nico: info[at]estarenbuenaforma.com<\/p>\n\n\n\n<p>O puede seguirnos por nuestras redes sociales:<\/p>\n\n\n\n<ul class=\"wp-block-social-links is-style-logos-only is-content-justification-left is-nowrap is-layout-flex wp-container-core-social-links-is-layout-6447b855 wp-block-social-links-is-layout-flex\"><li class=\"wp-social-link wp-social-link-facebook  wp-block-social-link\"><a rel=\"noopener nofollow\" target=\"_blank\" href=\"https:\/\/www.facebook.com\/estarenbuenaforma\" class=\"wp-block-social-link-anchor\"><svg width=\"24\" height=\"24\" viewBox=\"0 0 24 24\" version=\"1.1\" xmlns=\"http:\/\/www.w3.org\/2000\/svg\" aria-hidden=\"true\" focusable=\"false\"><path d=\"M12 2C6.5 2 2 6.5 2 12c0 5 3.7 9.1 8.4 9.9v-7H7.9V12h2.5V9.8c0-2.5 1.5-3.9 3.8-3.9 1.1 0 2.2.2 2.2.2v2.5h-1.3c-1.2 0-1.6.8-1.6 1.6V12h2.8l-.4 2.9h-2.3v7C18.3 21.1 22 17 22 12c0-5.5-4.5-10-10-10z\"><\/path><\/svg><span class=\"wp-block-social-link-label screen-reader-text\">Facebook<\/span><\/a><\/li>\n\n<li class=\"wp-social-link wp-social-link-twitter  wp-block-social-link\"><a rel=\"noopener nofollow\" target=\"_blank\" href=\"https:\/\/twitter.com\/_enbuenaforma\" class=\"wp-block-social-link-anchor\"><svg width=\"24\" height=\"24\" viewBox=\"0 0 24 24\" version=\"1.1\" xmlns=\"http:\/\/www.w3.org\/2000\/svg\" aria-hidden=\"true\" focusable=\"false\"><path d=\"M22.23,5.924c-0.736,0.326-1.527,0.547-2.357,0.646c0.847-0.508,1.498-1.312,1.804-2.27 c-0.793,0.47-1.671,0.812-2.606,0.996C18.324,4.498,17.257,4,16.077,4c-2.266,0-4.103,1.837-4.103,4.103 c0,0.322,0.036,0.635,0.106,0.935C8.67,8.867,5.647,7.234,3.623,4.751C3.27,5.357,3.067,6.062,3.067,6.814 c0,1.424,0.724,2.679,1.825,3.415c-0.673-0.021-1.305-0.206-1.859-0.513c0,0.017,0,0.034,0,0.052c0,1.988,1.414,3.647,3.292,4.023 c-0.344,0.094-0.707,0.144-1.081,0.144c-0.264,0-0.521-0.026-0.772-0.074c0.522,1.63,2.038,2.816,3.833,2.85 c-1.404,1.1-3.174,1.756-5.096,1.756c-0.331,0-0.658-0.019-0.979-0.057c1.816,1.164,3.973,1.843,6.29,1.843 c7.547,0,11.675-6.252,11.675-11.675c0-0.178-0.004-0.355-0.012-0.531C20.985,7.47,21.68,6.747,22.23,5.924z\"><\/path><\/svg><span class=\"wp-block-social-link-label screen-reader-text\">Twitter<\/span><\/a><\/li>\n\n<li class=\"wp-social-link wp-social-link-pinterest  wp-block-social-link\"><a rel=\"noopener nofollow\" target=\"_blank\" href=\"https:\/\/www.pinterest.com\/estarenbuenaforma\/\" class=\"wp-block-social-link-anchor\"><svg width=\"24\" height=\"24\" viewBox=\"0 0 24 24\" version=\"1.1\" xmlns=\"http:\/\/www.w3.org\/2000\/svg\" aria-hidden=\"true\" focusable=\"false\"><path d=\"M12.289,2C6.617,2,3.606,5.648,3.606,9.622c0,1.846,1.025,4.146,2.666,4.878c0.25,0.111,0.381,0.063,0.439-0.169 c0.044-0.175,0.267-1.029,0.365-1.428c0.032-0.128,0.017-0.237-0.091-0.362C6.445,11.911,6.01,10.75,6.01,9.668 c0-2.777,2.194-5.464,5.933-5.464c3.23,0,5.49,2.108,5.49,5.122c0,3.407-1.794,5.768-4.13,5.768c-1.291,0-2.257-1.021-1.948-2.277 c0.372-1.495,1.089-3.112,1.089-4.191c0-0.967-0.542-1.775-1.663-1.775c-1.319,0-2.379,1.309-2.379,3.059 c0,1.115,0.394,1.869,0.394,1.869s-1.302,5.279-1.54,6.261c-0.405,1.666,0.053,4.368,0.094,4.604 c0.021,0.126,0.167,0.169,0.25,0.063c0.129-0.165,1.699-2.419,2.142-4.051c0.158-0.59,0.817-2.995,0.817-2.995 c0.43,0.784,1.681,1.446,3.013,1.446c3.963,0,6.822-3.494,6.822-7.833C20.394,5.112,16.849,2,12.289,2\"><\/path><\/svg><span class=\"wp-block-social-link-label screen-reader-text\">Pinterest<\/span><\/a><\/li><\/ul>\n<p><a href=\"\/\/www.pinterest.com\/pin\/create\/button\/\" data-pin-do=\"buttonBookmark\" data-pin-color=\"red\" data-pin-height=\"128\"><img decoding=\"async\" src=\"\/\/assets.pinterest.com\/images\/pidgets\/pinit_fg_en_rect_red_28.png\" \/><\/a><\/p>","protected":false},"excerpt":{"rendered":"<p>Gracias por visitarnos. Cont\u00e1ctenos por correo electr\u00f3nico: info[at]estarenbuenaforma.com O puede seguirnos por nuestras redes sociales:<\/p>\n","protected":false},"author":3,"featured_media":0,"parent":0,"menu_order":0,"comment_status":"closed","ping_status":"closed","template":"","meta":{"_uag_custom_page_level_css":"","cybocfi_hide_featured_image":"","footnotes":""},"categories":[],"tags":[],"class_list":["post-14","page","type-page","status-publish"],"yoast_head":"<!-- This site is optimized with the Yoast SEO plugin v27.4 - https:\/\/yoast.com\/product\/yoast-seo-wordpress\/ -->\n<title>Cont\u00e1ctenos - EEBF<\/title>\n<meta name=\"description\" content=\"Comun\u00edcate con nosotros y cu\u00e9ntanos los resultados que obtienes de las dietas y consejos de salud que te ofrecemos.\" \/>\n<meta name=\"robots\" content=\"index, follow, max-snippet:-1, max-image-preview:large, max-video-preview:-1\" \/>\n<link rel=\"canonical\" href=\"https:\/\/estarenbuenaforma.com\/es\/contacto\/\" \/>\n<meta property=\"og:locale\" content=\"es_ES\" \/>\n<meta property=\"og:type\" content=\"article\" \/>\n<meta property=\"og:title\" content=\"Cont\u00e1ctenos - EEBF\" \/>\n<meta property=\"og:description\" content=\"Comun\u00edcate con nosotros y cu\u00e9ntanos los resultados que obtienes de las dietas y consejos de salud que te ofrecemos.\" \/>\n<meta property=\"og:url\" content=\"https:\/\/estarenbuenaforma.com\/es\/contacto\/\" \/>\n<meta property=\"og:site_name\" content=\"EEBF\" \/>\n<meta property=\"article:publisher\" content=\"https:\/\/www.facebook.com\/estarenbuenaforma\" \/>\n<meta property=\"article:modified_time\" content=\"2023-11-07T15:33:15+00:00\" \/>\n<meta name=\"twitter:card\" content=\"summary_large_image\" \/>\n<meta name=\"twitter:site\" content=\"@_enbuenaforma\" \/>\n<meta name=\"twitter:label1\" content=\"Tiempo de lectura\" \/>\n\t<meta name=\"twitter:data1\" content=\"1 minuto\" \/>\n<script type=\"application\/ld+json\" class=\"yoast-schema-graph\">{\"@context\":\"https:\\\/\\\/schema.org\",\"@graph\":[{\"@type\":[\"WebPage\",\"ContactPage\"],\"@id\":\"https:\\\/\\\/estarenbuenaforma.com\\\/contacto\\\/\",\"url\":\"https:\\\/\\\/estarenbuenaforma.com\\\/contacto\\\/\",\"name\":\"Cont\u00e1ctenos - EEBF\",\"isPartOf\":{\"@id\":\"https:\\\/\\\/estarenbuenaforma.com\\\/#website\"},\"datePublished\":\"2020-12-12T22:03:07+00:00\",\"dateModified\":\"2023-11-07T15:33:15+00:00\",\"description\":\"Comun\u00edcate con nosotros y cu\u00e9ntanos los resultados que obtienes de las dietas y consejos de salud que te ofrecemos.\",\"breadcrumb\":{\"@id\":\"https:\\\/\\\/estarenbuenaforma.com\\\/contacto\\\/#breadcrumb\"},\"inLanguage\":\"es\",\"potentialAction\":[{\"@type\":\"ReadAction\",\"target\":[\"https:\\\/\\\/estarenbuenaforma.com\\\/contacto\\\/\"]}]},{\"@type\":\"BreadcrumbList\",\"@id\":\"https:\\\/\\\/estarenbuenaforma.com\\\/contacto\\\/#breadcrumb\",\"itemListElement\":[{\"@type\":\"ListItem\",\"position\":1,\"name\":\"Home\",\"item\":\"https:\\\/\\\/estarenbuenaforma.com\\\/\"},{\"@type\":\"ListItem\",\"position\":2,\"name\":\"Cont\u00e1ctenos\"}]},{\"@type\":\"WebSite\",\"@id\":\"https:\\\/\\\/estarenbuenaforma.com\\\/#website\",\"url\":\"https:\\\/\\\/estarenbuenaforma.com\\\/\",\"name\":\"EEBF\",\"description\":\"Improving Your Life\",\"publisher\":{\"@id\":\"https:\\\/\\\/estarenbuenaforma.com\\\/#organization\"},\"potentialAction\":[{\"@type\":\"SearchAction\",\"target\":{\"@type\":\"EntryPoint\",\"urlTemplate\":\"https:\\\/\\\/estarenbuenaforma.com\\\/?s={search_term_string}\"},\"query-input\":{\"@type\":\"PropertyValueSpecification\",\"valueRequired\":true,\"valueName\":\"search_term_string\"}}],\"inLanguage\":\"es\"},{\"@type\":\"Organization\",\"@id\":\"https:\\\/\\\/estarenbuenaforma.com\\\/#organization\",\"name\":\"EEBF\",\"url\":\"https:\\\/\\\/estarenbuenaforma.com\\\/\",\"logo\":{\"@type\":\"ImageObject\",\"inLanguage\":\"es\",\"@id\":\"https:\\\/\\\/estarenbuenaforma.com\\\/#\\\/schema\\\/logo\\\/image\\\/\",\"url\":\"https:\\\/\\\/estarenbuenaforma.com\\\/wp-content\\\/uploads\\\/2023\\\/02\\\/eebf.png\",\"contentUrl\":\"https:\\\/\\\/estarenbuenaforma.com\\\/wp-content\\\/uploads\\\/2023\\\/02\\\/eebf.png\",\"width\":415,\"height\":104,\"caption\":\"EEBF\"},\"image\":{\"@id\":\"https:\\\/\\\/estarenbuenaforma.com\\\/#\\\/schema\\\/logo\\\/image\\\/\"},\"sameAs\":[\"https:\\\/\\\/www.facebook.com\\\/estarenbuenaforma\",\"https:\\\/\\\/x.com\\\/_enbuenaforma\"]}]}<\/script>\n<!-- \/ Yoast SEO plugin. -->","yoast_head_json":{"title":"Cont\u00e1ctenos - EEBF","description":"Comun\u00edcate con nosotros y cu\u00e9ntanos los resultados que obtienes de las dietas y consejos de salud que te ofrecemos.","robots":{"index":"index","follow":"follow","max-snippet":"max-snippet:-1","max-image-preview":"max-image-preview:large","max-video-preview":"max-video-preview:-1"},"canonical":"https:\/\/estarenbuenaforma.com\/es\/contacto\/","og_locale":"es_ES","og_type":"article","og_title":"Cont\u00e1ctenos - EEBF","og_description":"Comun\u00edcate con nosotros y cu\u00e9ntanos los resultados que obtienes de las dietas y consejos de salud que te ofrecemos.","og_url":"https:\/\/estarenbuenaforma.com\/es\/contacto\/","og_site_name":"EEBF","article_publisher":"https:\/\/www.facebook.com\/estarenbuenaforma","article_modified_time":"2023-11-07T15:33:15+00:00","twitter_card":"summary_large_image","twitter_site":"@_enbuenaforma","twitter_misc":{"Tiempo de lectura":"1 minuto"},"schema":{"@context":"https:\/\/schema.org","@graph":[{"@type":["WebPage","ContactPage"],"@id":"https:\/\/estarenbuenaforma.com\/contacto\/","url":"https:\/\/estarenbuenaforma.com\/contacto\/","name":"Cont\u00e1ctenos - EEBF","isPartOf":{"@id":"https:\/\/estarenbuenaforma.com\/#website"},"datePublished":"2020-12-12T22:03:07+00:00","dateModified":"2023-11-07T15:33:15+00:00","description":"Comun\u00edcate con nosotros y cu\u00e9ntanos los resultados que obtienes de las dietas y consejos de salud que te ofrecemos.","breadcrumb":{"@id":"https:\/\/estarenbuenaforma.com\/contacto\/#breadcrumb"},"inLanguage":"es","potentialAction":[{"@type":"ReadAction","target":["https:\/\/estarenbuenaforma.com\/contacto\/"]}]},{"@type":"BreadcrumbList","@id":"https:\/\/estarenbuenaforma.com\/contacto\/#breadcrumb","itemListElement":[{"@type":"ListItem","position":1,"name":"Home","item":"https:\/\/estarenbuenaforma.com\/"},{"@type":"ListItem","position":2,"name":"Cont\u00e1ctenos"}]},{"@type":"WebSite","@id":"https:\/\/estarenbuenaforma.com\/#website","url":"https:\/\/estarenbuenaforma.com\/","name":"EEBF","description":"Improving Your Life","publisher":{"@id":"https:\/\/estarenbuenaforma.com\/#organization"},"potentialAction":[{"@type":"SearchAction","target":{"@type":"EntryPoint","urlTemplate":"https:\/\/estarenbuenaforma.com\/?s={search_term_string}"},"query-input":{"@type":"PropertyValueSpecification","valueRequired":true,"valueName":"search_term_string"}}],"inLanguage":"es"},{"@type":"Organization","@id":"https:\/\/estarenbuenaforma.com\/#organization","name":"EEBF","url":"https:\/\/estarenbuenaforma.com\/","logo":{"@type":"ImageObject","inLanguage":"es","@id":"https:\/\/estarenbuenaforma.com\/#\/schema\/logo\/image\/","url":"https:\/\/estarenbuenaforma.com\/wp-content\/uploads\/2023\/02\/eebf.png","contentUrl":"https:\/\/estarenbuenaforma.com\/wp-content\/uploads\/2023\/02\/eebf.png","width":415,"height":104,"caption":"EEBF"},"image":{"@id":"https:\/\/estarenbuenaforma.com\/#\/schema\/logo\/image\/"},"sameAs":["https:\/\/www.facebook.com\/estarenbuenaforma","https:\/\/x.com\/_enbuenaforma"]}]}},"uagb_featured_image_src":{"full":false,"thumbnail":false,"medium":false,"medium_large":false,"large":false,"1536x1536":false,"2048x2048":false,"trp-custom-language-flag":false,"ultp_layout_landscape_large":false,"ultp_layout_landscape":false,"ultp_layout_portrait":false,"ultp_layout_square":false,"mv_create_1x1":false,"mv_create_1x1_medium_res":false,"mv_create_1x1_medium_high_res":false,"mv_create_1x1_high_res":false,"mv_create_4x3":false,"mv_create_4x3_medium_res":false,"mv_create_4x3_high_res":false,"mv_create_3x4":false,"mv_create_3x4_medium_res":false,"mv_create_3x4_high_res":false,"mv_create_16x9":false,"mv_create_16x9_medium_res":false,"mv_create_16x9_high_res":false,"mv_create_no_ratio":false,"mv_create_vert":false},"uagb_author_info":{"display_name":"David","author_link":"https:\/\/estarenbuenaforma.com\/es\/author\/david-evies\/"},"uagb_comment_info":0,"uagb_excerpt":"Gracias por visitarnos. Cont\u00e1ctenos por correo electr\u00f3nico: info[at]estarenbuenaforma.com O puede seguirnos por nuestras redes sociales:","jetpack_sharing_enabled":true,"_links":{"self":[{"href":"https:\/\/estarenbuenaforma.com\/es\/wp-json\/wp\/v2\/pages\/14","targetHints":{"allow":["GET"]}}],"collection":[{"href":"https:\/\/estarenbuenaforma.com\/es\/wp-json\/wp\/v2\/pages"}],"about":[{"href":"https:\/\/estarenbuenaforma.com\/es\/wp-json\/wp\/v2\/types\/page"}],"author":[{"embeddable":true,"href":"https:\/\/estarenbuenaforma.com\/es\/wp-json\/wp\/v2\/users\/3"}],"replies":[{"embeddable":true,"href":"https:\/\/estarenbuenaforma.com\/es\/wp-json\/wp\/v2\/comments?post=14"}],"version-history":[{"count":5,"href":"https:\/\/estarenbuenaforma.com\/es\/wp-json\/wp\/v2\/pages\/14\/revisions"}],"predecessor-version":[{"id":4511,"href":"https:\/\/estarenbuenaforma.com\/es\/wp-json\/wp\/v2\/pages\/14\/revisions\/4511"}],"wp:attachment":[{"href":"https:\/\/estarenbuenaforma.com\/es\/wp-json\/wp\/v2\/media?parent=14"}],"wp:term":[{"taxonomy":"category","embeddable":true,"href":"https:\/\/estarenbuenaforma.com\/es\/wp-json\/wp\/v2\/categories?post=14"},{"taxonomy":"post_tag","embeddable":true,"href":"https:\/\/estarenbuenaforma.com\/es\/wp-json\/wp\/v2\/tags?post=14"}],"curies":[{"name":"wp","href":"https:\/\/api.w.org\/{rel}","templated":true}]}}